{"id":29,"date":"2023-10-19T09:00:16","date_gmt":"2023-10-19T09:00:16","guid":{"rendered":"https:\/\/www.sengoztekstil.com\/?page_id=29"},"modified":"2023-11-30T09:14:06","modified_gmt":"2023-11-30T09:14:06","slug":"contact","status":"publish","type":"page","link":"https:\/\/www.sengoztekstil.com\/en\/contact\/","title":{"rendered":"Contact"},"content":{"rendered":"\n\t<section class=\"section\" id=\"section_815616296\">\n\t\t<div class=\"bg section-bg fill bg-fill  \" >\n\n\t\t\t\n\t\t\t<div class=\"section-bg-overlay absolute fill\"><\/div>\n\t\t\t\n\n\t\t<\/div>\n\n\t\t\n\n\t\t<div class=\"section-content relative\">\n\t\t\t\n\n<div class=\"row\"  id=\"row-603607888\">\n\n\n\t<div id=\"col-1040704503\" class=\"col medium-4 small-12 large-4\"  >\n\t\t\t\t<div class=\"col-inner\"  >\n\t\t\t\n\t\t\t\n\n<p><strong>Phone-1:<\/strong> <a href=\"tel:+902124384403\">0 212 438 44 03<\/a><\/p>\n<p><strong>Phone-2:<\/strong> <a href=\"http:\/\/+902126417524\" data-wplink-url-error=\"true\">0 212 641 75 24<\/a><\/p>\n<p><strong>Fax:<\/strong> 0 212 438 44 04<\/p>\n<p><strong>E-mail:<\/strong> <a href=\"mailto:info@sengoztekstil.com\">info@sengoztekstil.com<\/a><\/p>\n<p><strong>Address:<\/strong> Mehmet Nesih \u00d6zmen Mah. Mehmet Akif Cad. Kestane Sk. No: 7 Re\u015fitg\u00f6ren i\u015f Han\u0131 Merter G\u00fcng\u00f6ren \/ \u0130STANBUL<\/p>\n\n\n\t\t<\/div>\n\t\t\t\t\t<\/div>\n\n\t\n\n\t<div id=\"col-1773505875\" class=\"col medium-8 small-12 large-8\"  >\n\t\t\t\t<div class=\"col-inner\"  >\n\t\t\t\n\t\t\t\n\n<p><iframe src=\"https:\/\/www.google.com\/maps\/embed?pb=!1m18!1m12!1m3!1d1543747.816007312!2d28.705877167289458!3d40.912841610893494!2m3!1f0!2f0!3f0!3m2!1i1024!2i768!4f13.1!3m3!1m2!1s0x14cabbbaa1f9c93f%3A0x35ce5ecc6a48e73b!2zxZ5lbmfDtnogVGVrc3RpbA!5e0!3m2!1str!2str!4v1697799957289!5m2!1str!2str\" width=\"100%\" height=\"250\" style=\"border:0;\" allowfullscreen=\"\" loading=\"lazy\" referrerpolicy=\"no-referrer-when-downgrade\"><\/iframe><\/p>\n\n\t\t<\/div>\n\t\t\t\t\t<\/div>\n\n\t\n\n<\/div>\n\n\t\t<\/div>\n\n\t\t\n<style>\n#section_815616296 {\n  padding-top: 30px;\n  padding-bottom: 30px;\n}\n#section_815616296 .section-bg-overlay {\n  background-color: rgba(249, 249, 249, 0.96);\n}\n#section_815616296 .section-bg.bg-loaded {\n  background-image: url(https:\/\/www.sengoztekstil.com\/en\/wp-content\/uploads\/2023\/10\/arkaplan.jpg);\n}\n<\/style>\n\t<\/section>\n\t\n\n","protected":false},"excerpt":{"rendered":"","protected":false},"author":1,"featured_media":0,"parent":0,"menu_order":0,"comment_status":"closed","ping_status":"closed","template":"page-blank.php","meta":{"footnotes":""},"class_list":["post-29","page","type-page","status-publish","hentry"],"_links":{"self":[{"href":"https:\/\/www.sengoztekstil.com\/en\/wp-json\/wp\/v2\/pages\/29","targetHints":{"allow":["GET"]}}],"collection":[{"href":"https:\/\/www.sengoztekstil.com\/en\/wp-json\/wp\/v2\/pages"}],"about":[{"href":"https:\/\/www.sengoztekstil.com\/en\/wp-json\/wp\/v2\/types\/page"}],"author":[{"embeddable":true,"href":"https:\/\/www.sengoztekstil.com\/en\/wp-json\/wp\/v2\/users\/1"}],"replies":[{"embeddable":true,"href":"https:\/\/www.sengoztekstil.com\/en\/wp-json\/wp\/v2\/comments?post=29"}],"version-history":[{"count":13,"href":"https:\/\/www.sengoztekstil.com\/en\/wp-json\/wp\/v2\/pages\/29\/revisions"}],"predecessor-version":[{"id":1054,"href":"https:\/\/www.sengoztekstil.com\/en\/wp-json\/wp\/v2\/pages\/29\/revisions\/1054"}],"wp:attachment":[{"href":"https:\/\/www.sengoztekstil.com\/en\/wp-json\/wp\/v2\/media?parent=29"}],"curies":[{"name":"wp","href":"https:\/\/api.w.org\/{rel}","templated":true}]}}