{"id":27,"date":"2023-10-19T09:00:04","date_gmt":"2023-10-19T09:00:04","guid":{"rendered":"https:\/\/www.sengoztekstil.com\/?page_id=27"},"modified":"2023-12-08T12:49:12","modified_gmt":"2023-12-08T12:49:12","slug":"about-us","status":"publish","type":"page","link":"https:\/\/www.sengoztekstil.com\/en\/about-us\/","title":{"rendered":"About Us"},"content":{"rendered":"\n\t<section class=\"section\" id=\"section_1030681015\">\n\t\t<div class=\"bg section-bg fill bg-fill  \" >\n\n\t\t\t\n\t\t\t<div class=\"section-bg-overlay absolute fill\"><\/div>\n\t\t\t\n\n\t\t<\/div>\n\n\t\t\n\n\t\t<div class=\"section-content relative\">\n\t\t\t\n\n<div class=\"row align-middle align-center\" style=\"max-width:\" id=\"row-4929527\">\n\n\n\t<div id=\"col-127963376\" class=\"col small-12 large-12\"  >\n\t\t\t\t<div class=\"col-inner\"  >\n\t\t\t\n\t\t\t\n\n\t<div class=\"img has-hover x md-x lg-x y md-y lg-y\" id=\"image_618035831\">\n\t\t\t\t\t\t\t\t<div class=\"img-inner image-glow dark\" >\n\t\t\t<img decoding=\"async\" width=\"1300\" height=\"400\" src=\"https:\/\/www.sengoztekstil.com\/en\/wp-content\/uploads\/2023\/11\/about-us.png\" class=\"attachment-original size-original\" alt=\"\" srcset=\"https:\/\/www.sengoztekstil.com\/en\/wp-content\/uploads\/2023\/11\/about-us.png 1300w, https:\/\/www.sengoztekstil.com\/en\/wp-content\/uploads\/2023\/11\/about-us-300x92.png 300w, https:\/\/www.sengoztekstil.com\/en\/wp-content\/uploads\/2023\/11\/about-us-1024x315.png 1024w, https:\/\/www.sengoztekstil.com\/en\/wp-content\/uploads\/2023\/11\/about-us-768x236.png 768w, https:\/\/www.sengoztekstil.com\/en\/wp-content\/uploads\/2023\/11\/about-us-600x185.png 600w\" sizes=\"(max-width: 1300px) 100vw, 1300px\" \/>\t\t\t\t\t\t\n\t\t\t\t\t<\/div>\n\t\t\t\t\t\t\t\t\n<style>\n#image_618035831 {\n  width: 100%;\n}\n<\/style>\n\t<\/div>\n\t\n\n\n\t\t<\/div>\n\t\t\t\t\t<\/div>\n\n\t\n\n\t<div id=\"col-1316506126\" class=\"col medium-11 small-12 large-11\"  >\n\t\t\t\t<div class=\"col-inner\"  >\n\t\t\t\n\t\t\t\n\n\t<div id=\"text-1686959492\" class=\"text\">\n\t\t\n\n<p style=\"text-align: center;\" data-animate=\"fadeIn\" data-animate-delay=\"200\"><em><strong>\u00a0 \u00a0<\/strong><\/em><br \/><em><strong>THE ADDRESS OF QUALITY AND INNOVATION IN KNITTED FABRIC MANUFACTURING<\/strong><\/em><br \/><em>\u015eENG\u00d6Z TEKST\u0130L, which has been present in the knitted fabric production sector for over 50 years, is a global wholesaler of fabrics, serving customers all around the world.<\/em><\/p>\n<p style=\"text-align: center;\" data-animate=\"fadeIn\" data-animate-delay=\"200\"><em>Our company excels in mass production, delivering impeccable results. With a focus on the future of fashion, we combine unique colors, patterns, and quality in the fabrics we produce, offering trendsetting products for men, women, and children&#8217;s clothing. With our extensive experience in the field, we aspire to become a leader among fabric wholesalers in T\u00fcrkiye. At \u015eENG\u00d6Z TEKST\u0130L, we are always confident in our commitment to quality and flawless production in the work we do.<\/em><\/p>\n\t\t\n<style>\n#text-1686959492 {\n  font-size: 1.25rem;\n  text-align: center;\n}\n<\/style>\n\t<\/div>\n\t\n\n\t\t<\/div>\n\t\t\t\t\t<\/div>\n\n\t\n\n<\/div>\n\n\t\t<\/div>\n\n\t\t\n<style>\n#section_1030681015 {\n  padding-top: 30px;\n  padding-bottom: 30px;\n}\n#section_1030681015 .section-bg-overlay {\n  background-color: rgba(249, 249, 249, 0.96);\n}\n#section_1030681015 .section-bg.bg-loaded {\n  background-image: url(https:\/\/www.sengoztekstil.com\/en\/wp-content\/uploads\/2023\/10\/arkaplan.jpg);\n}\n<\/style>\n\t<\/section>\n\t\n\n","protected":false},"excerpt":{"rendered":"","protected":false},"author":1,"featured_media":0,"parent":0,"menu_order":0,"comment_status":"closed","ping_status":"closed","template":"page-blank.php","meta":{"footnotes":""},"class_list":["post-27","page","type-page","status-publish","hentry"],"_links":{"self":[{"href":"https:\/\/www.sengoztekstil.com\/en\/wp-json\/wp\/v2\/pages\/27","targetHints":{"allow":["GET"]}}],"collection":[{"href":"https:\/\/www.sengoztekstil.com\/en\/wp-json\/wp\/v2\/pages"}],"about":[{"href":"https:\/\/www.sengoztekstil.com\/en\/wp-json\/wp\/v2\/types\/page"}],"author":[{"embeddable":true,"href":"https:\/\/www.sengoztekstil.com\/en\/wp-json\/wp\/v2\/users\/1"}],"replies":[{"embeddable":true,"href":"https:\/\/www.sengoztekstil.com\/en\/wp-json\/wp\/v2\/comments?post=27"}],"version-history":[{"count":30,"href":"https:\/\/www.sengoztekstil.com\/en\/wp-json\/wp\/v2\/pages\/27\/revisions"}],"predecessor-version":[{"id":1130,"href":"https:\/\/www.sengoztekstil.com\/en\/wp-json\/wp\/v2\/pages\/27\/revisions\/1130"}],"wp:attachment":[{"href":"https:\/\/www.sengoztekstil.com\/en\/wp-json\/wp\/v2\/media?parent=27"}],"curies":[{"name":"wp","href":"https:\/\/api.w.org\/{rel}","templated":true}]}}